{"id":39,"date":"2024-01-04T16:43:13","date_gmt":"2024-01-04T16:43:13","guid":{"rendered":"https:\/\/web4.rkinformatika.net\/sushi-gallery\/?page_id=39"},"modified":"2024-01-16T11:50:29","modified_gmt":"2024-01-16T11:50:29","slug":"politica-de-privacidad","status":"publish","type":"page","link":"https:\/\/sushi-gallery.com\/eus\/politica-de-privacidad\/","title":{"rendered":"Pribatutasun Politika"},"content":{"rendered":"<div data-elementor-type=\"wp-page\" data-elementor-id=\"39\" class=\"elementor elementor-39\" data-elementor-post-type=\"page\">\n\t\t\t\t\t\t<section class=\"elementor-section elementor-top-section elementor-element elementor-element-aa6cd1a elementor-section-boxed elementor-section-height-default elementor-section-height-default\" data-id=\"aa6cd1a\" data-element_type=\"section\" data-e-type=\"section\">\n\t\t\t\t\t\t<div class=\"elementor-container elementor-column-gap-default\">\n\t\t\t\t\t<div class=\"elementor-column elementor-col-100 elementor-top-column elementor-element elementor-element-2f7f9f1\" data-id=\"2f7f9f1\" data-element_type=\"column\" data-e-type=\"column\">\n\t\t\t<div class=\"elementor-widget-wrap elementor-element-populated\">\n\t\t\t\t\t\t<div class=\"elementor-element elementor-element-9522e7e elementor-widget elementor-widget-text-editor\" data-id=\"9522e7e\" data-element_type=\"widget\" data-e-type=\"widget\" data-widget_type=\"text-editor.default\">\n\t\t\t\t<div class=\"elementor-widget-container\">\n\t\t\t\t\t\t\t\t\t<h2>POL\u00cdTICA DE PRIVACIDAD<\/h2><p>En cumplimiento de lo dispuesto en\u00a0<strong>la Ley Org\u00e1nica 15\/1999, de 13 de Diciembre, de Protecci\u00f3n de Datos de Car\u00e1cter Personal (LOPD)<\/strong>\u00a0se informa al usuario que todos los datos que nos proporcione ser\u00e1n incorporados a un fichero, creado y mantenido bajo la responsabilidad de (nombre de la empresa)<\/p><p>Siempre\u00a0<strong>se va a respetar la confidencialidad de sus datos personales<\/strong>\u00a0que s\u00f3lo ser\u00e1n utilizados con la finalidad de gestionar los servicios ofrecidos, atender a las solicitudes que nos plantee, realizar tareas administrativas, as\u00ed como remitir informaci\u00f3n t\u00e9cnica, comercial o publicitaria por v\u00eda ordinaria o electr\u00f3nica.<\/p><p>Para ejercer sus\u00a0<strong>derechos de oposici\u00f3n, rectificaci\u00f3n o cancelaci\u00f3n<\/strong>\u00a0deber\u00e1 dirigirse a la sede de la Avenida Montevideo 5, escribirnos al siguiente correo sushigallery16@gmail.com o ll\u00e1manos al 946525986.<\/p>\t\t\t\t\t\t\t\t<\/div>\n\t\t\t\t<\/div>\n\t\t\t\t\t<\/div>\n\t\t<\/div>\n\t\t\t\t\t<\/div>\n\t\t<\/section>\n\t\t\t\t<\/div>","protected":false},"excerpt":{"rendered":"<p>POL\u00cdTICA DE PRIVACIDAD En cumplimiento de lo dispuesto en\u00a0la Ley Org\u00e1nica 15\/1999, de 13 de Diciembre, de Protecci\u00f3n de Datos de Car\u00e1cter Personal (LOPD)\u00a0se informa al usuario que todos los datos que nos proporcione ser\u00e1n incorporados a un fichero, creado y mantenido bajo la responsabilidad de (nombre de la empresa) Siempre\u00a0se va a respetar la [&hellip;]<\/p>\n","protected":false},"author":1,"featured_media":0,"parent":0,"menu_order":0,"comment_status":"closed","ping_status":"closed","template":"","meta":{"footnotes":""},"class_list":["post-39","page","type-page","status-publish","hentry"],"yoast_head":"<!-- This site is optimized with the Yoast SEO plugin v27.3 - https:\/\/yoast.com\/product\/yoast-seo-wordpress\/ -->\n<title>Pol\u00edtica de Privacidad - Sushi Gallery<\/title>\n<meta name=\"robots\" content=\"index, follow, max-snippet:-1, max-image-preview:large, max-video-preview:-1\" \/>\n<link rel=\"canonical\" href=\"https:\/\/sushi-gallery.com\/eus\/politica-de-privacidad\/\" \/>\n<meta property=\"og:locale\" content=\"en_US\" \/>\n<meta property=\"og:type\" content=\"article\" \/>\n<meta property=\"og:title\" content=\"Pol\u00edtica de Privacidad - Sushi Gallery\" \/>\n<meta property=\"og:description\" content=\"POL\u00cdTICA DE PRIVACIDAD En cumplimiento de lo dispuesto en\u00a0la Ley Org\u00e1nica 15\/1999, de 13 de Diciembre, de Protecci\u00f3n de Datos de Car\u00e1cter Personal (LOPD)\u00a0se informa al usuario que todos los datos que nos proporcione ser\u00e1n incorporados a un fichero, creado y mantenido bajo la responsabilidad de (nombre de la empresa) Siempre\u00a0se va a respetar la [&hellip;]\" \/>\n<meta property=\"og:url\" content=\"https:\/\/sushi-gallery.com\/eus\/politica-de-privacidad\/\" \/>\n<meta property=\"og:site_name\" content=\"Sushi Gallery\" \/>\n<meta property=\"article:publisher\" content=\"https:\/\/www.facebook.com\/people\/Iruko_sg\/100068018682841\/\" \/>\n<meta property=\"article:modified_time\" content=\"2024-01-16T11:50:29+00:00\" \/>\n<meta name=\"twitter:card\" content=\"summary_large_image\" \/>\n<meta name=\"twitter:label1\" content=\"Est. reading time\" \/>\n\t<meta name=\"twitter:data1\" content=\"1 minutua\" \/>\n<script type=\"application\/ld+json\" class=\"yoast-schema-graph\">{\"@context\":\"https:\\\/\\\/schema.org\",\"@graph\":[{\"@type\":\"WebPage\",\"@id\":\"https:\\\/\\\/sushi-gallery.com\\\/politica-de-privacidad\\\/\",\"url\":\"https:\\\/\\\/sushi-gallery.com\\\/politica-de-privacidad\\\/\",\"name\":\"Pol\u00edtica de Privacidad - Sushi Gallery\",\"isPartOf\":{\"@id\":\"https:\\\/\\\/sushi-gallery.com\\\/#website\"},\"datePublished\":\"2024-01-04T16:43:13+00:00\",\"dateModified\":\"2024-01-16T11:50:29+00:00\",\"breadcrumb\":{\"@id\":\"https:\\\/\\\/sushi-gallery.com\\\/politica-de-privacidad\\\/#breadcrumb\"},\"inLanguage\":\"eu\",\"potentialAction\":[{\"@type\":\"ReadAction\",\"target\":[\"https:\\\/\\\/sushi-gallery.com\\\/politica-de-privacidad\\\/\"]}]},{\"@type\":\"BreadcrumbList\",\"@id\":\"https:\\\/\\\/sushi-gallery.com\\\/politica-de-privacidad\\\/#breadcrumb\",\"itemListElement\":[{\"@type\":\"ListItem\",\"position\":1,\"name\":\"Portada\",\"item\":\"https:\\\/\\\/sushi-gallery.com\\\/\"},{\"@type\":\"ListItem\",\"position\":2,\"name\":\"Pol\u00edtica de Privacidad\"}]},{\"@type\":\"WebSite\",\"@id\":\"https:\\\/\\\/sushi-gallery.com\\\/#website\",\"url\":\"https:\\\/\\\/sushi-gallery.com\\\/\",\"name\":\"Sushi Gallery\",\"description\":\"&quot;Disfruta de la aut\u00e9ntica cocina japonesa en Sushi Gallery, tu restaurante japon\u00e9s de confianza. Ofrecemos sushi a domicilio y opciones de sushi vegano, preparados con ingredientes frescos y de alta calidad. \u00a1Haz tu pedido hoy y vive una experiencia gastron\u00f3mica \u00fanica!&quot;\",\"publisher\":{\"@id\":\"https:\\\/\\\/sushi-gallery.com\\\/#organization\"},\"potentialAction\":[{\"@type\":\"SearchAction\",\"target\":{\"@type\":\"EntryPoint\",\"urlTemplate\":\"https:\\\/\\\/sushi-gallery.com\\\/?s={search_term_string}\"},\"query-input\":{\"@type\":\"PropertyValueSpecification\",\"valueRequired\":true,\"valueName\":\"search_term_string\"}}],\"inLanguage\":\"eu\"},{\"@type\":\"Organization\",\"@id\":\"https:\\\/\\\/sushi-gallery.com\\\/#organization\",\"name\":\"Sushi Gallery\",\"url\":\"https:\\\/\\\/sushi-gallery.com\\\/\",\"logo\":{\"@type\":\"ImageObject\",\"inLanguage\":\"eu\",\"@id\":\"https:\\\/\\\/sushi-gallery.com\\\/#\\\/schema\\\/logo\\\/image\\\/\",\"url\":\"https:\\\/\\\/sushi-gallery.com\\\/wp-content\\\/uploads\\\/2024\\\/01\\\/cropped-LOGOS_SUSHIGALLERY-02.png\",\"contentUrl\":\"https:\\\/\\\/sushi-gallery.com\\\/wp-content\\\/uploads\\\/2024\\\/01\\\/cropped-LOGOS_SUSHIGALLERY-02.png\",\"width\":1578,\"height\":1578,\"caption\":\"Sushi Gallery\"},\"image\":{\"@id\":\"https:\\\/\\\/sushi-gallery.com\\\/#\\\/schema\\\/logo\\\/image\\\/\"},\"sameAs\":[\"https:\\\/\\\/www.facebook.com\\\/people\\\/Iruko_sg\\\/100068018682841\\\/\",\"https:\\\/\\\/www.instagram.com\\\/iruko_sg\\\/\"]}]}<\/script>\n<!-- \/ Yoast SEO plugin. -->","yoast_head_json":{"title":"Pol\u00edtica de Privacidad - Sushi Gallery","robots":{"index":"index","follow":"follow","max-snippet":"max-snippet:-1","max-image-preview":"max-image-preview:large","max-video-preview":"max-video-preview:-1"},"canonical":"https:\/\/sushi-gallery.com\/eus\/politica-de-privacidad\/","og_locale":"en_US","og_type":"article","og_title":"Pol\u00edtica de Privacidad - Sushi Gallery","og_description":"POL\u00cdTICA DE PRIVACIDAD En cumplimiento de lo dispuesto en\u00a0la Ley Org\u00e1nica 15\/1999, de 13 de Diciembre, de Protecci\u00f3n de Datos de Car\u00e1cter Personal (LOPD)\u00a0se informa al usuario que todos los datos que nos proporcione ser\u00e1n incorporados a un fichero, creado y mantenido bajo la responsabilidad de (nombre de la empresa) Siempre\u00a0se va a respetar la [&hellip;]","og_url":"https:\/\/sushi-gallery.com\/eus\/politica-de-privacidad\/","og_site_name":"Sushi Gallery","article_publisher":"https:\/\/www.facebook.com\/people\/Iruko_sg\/100068018682841\/","article_modified_time":"2024-01-16T11:50:29+00:00","twitter_card":"summary_large_image","twitter_misc":{"Est. reading time":"1 minutua"},"schema":{"@context":"https:\/\/schema.org","@graph":[{"@type":"WebPage","@id":"https:\/\/sushi-gallery.com\/politica-de-privacidad\/","url":"https:\/\/sushi-gallery.com\/politica-de-privacidad\/","name":"Pol\u00edtica de Privacidad - Sushi Gallery","isPartOf":{"@id":"https:\/\/sushi-gallery.com\/#website"},"datePublished":"2024-01-04T16:43:13+00:00","dateModified":"2024-01-16T11:50:29+00:00","breadcrumb":{"@id":"https:\/\/sushi-gallery.com\/politica-de-privacidad\/#breadcrumb"},"inLanguage":"eu","potentialAction":[{"@type":"ReadAction","target":["https:\/\/sushi-gallery.com\/politica-de-privacidad\/"]}]},{"@type":"BreadcrumbList","@id":"https:\/\/sushi-gallery.com\/politica-de-privacidad\/#breadcrumb","itemListElement":[{"@type":"ListItem","position":1,"name":"Portada","item":"https:\/\/sushi-gallery.com\/"},{"@type":"ListItem","position":2,"name":"Pol\u00edtica de Privacidad"}]},{"@type":"WebSite","@id":"https:\/\/sushi-gallery.com\/#website","url":"https:\/\/sushi-gallery.com\/","name":"Sushi Gallery","description":"&quot;Disfruta de la aut\u00e9ntica cocina japonesa en Sushi Gallery, tu restaurante japon\u00e9s de confianza. Ofrecemos sushi a domicilio y opciones de sushi vegano, preparados con ingredientes frescos y de alta calidad. \u00a1Haz tu pedido hoy y vive una experiencia gastron\u00f3mica \u00fanica!&quot;","publisher":{"@id":"https:\/\/sushi-gallery.com\/#organization"},"potentialAction":[{"@type":"SearchAction","target":{"@type":"EntryPoint","urlTemplate":"https:\/\/sushi-gallery.com\/?s={search_term_string}"},"query-input":{"@type":"PropertyValueSpecification","valueRequired":true,"valueName":"search_term_string"}}],"inLanguage":"eu"},{"@type":"Organization","@id":"https:\/\/sushi-gallery.com\/#organization","name":"Sushi Gallery","url":"https:\/\/sushi-gallery.com\/","logo":{"@type":"ImageObject","inLanguage":"eu","@id":"https:\/\/sushi-gallery.com\/#\/schema\/logo\/image\/","url":"https:\/\/sushi-gallery.com\/wp-content\/uploads\/2024\/01\/cropped-LOGOS_SUSHIGALLERY-02.png","contentUrl":"https:\/\/sushi-gallery.com\/wp-content\/uploads\/2024\/01\/cropped-LOGOS_SUSHIGALLERY-02.png","width":1578,"height":1578,"caption":"Sushi Gallery"},"image":{"@id":"https:\/\/sushi-gallery.com\/#\/schema\/logo\/image\/"},"sameAs":["https:\/\/www.facebook.com\/people\/Iruko_sg\/100068018682841\/","https:\/\/www.instagram.com\/iruko_sg\/"]}]}},"_links":{"self":[{"href":"https:\/\/sushi-gallery.com\/eus\/wp-json\/wp\/v2\/pages\/39","targetHints":{"allow":["GET"]}}],"collection":[{"href":"https:\/\/sushi-gallery.com\/eus\/wp-json\/wp\/v2\/pages"}],"about":[{"href":"https:\/\/sushi-gallery.com\/eus\/wp-json\/wp\/v2\/types\/page"}],"author":[{"embeddable":true,"href":"https:\/\/sushi-gallery.com\/eus\/wp-json\/wp\/v2\/users\/1"}],"replies":[{"embeddable":true,"href":"https:\/\/sushi-gallery.com\/eus\/wp-json\/wp\/v2\/comments?post=39"}],"version-history":[{"count":7,"href":"https:\/\/sushi-gallery.com\/eus\/wp-json\/wp\/v2\/pages\/39\/revisions"}],"predecessor-version":[{"id":1233,"href":"https:\/\/sushi-gallery.com\/eus\/wp-json\/wp\/v2\/pages\/39\/revisions\/1233"}],"wp:attachment":[{"href":"https:\/\/sushi-gallery.com\/eus\/wp-json\/wp\/v2\/media?parent=39"}],"curies":[{"name":"wp","href":"https:\/\/api.w.org\/{rel}","templated":true}]}}