{"id":38,"date":"2024-01-04T16:42:34","date_gmt":"2024-01-04T16:42:34","guid":{"rendered":"https:\/\/web4.rkinformatika.net\/sushi-gallery\/?page_id=38"},"modified":"2024-01-16T11:51:08","modified_gmt":"2024-01-16T11:51:08","slug":"nota-legal","status":"publish","type":"page","link":"https:\/\/sushi-gallery.com\/eus\/nota-legal\/","title":{"rendered":"Lege-oharra"},"content":{"rendered":"<div data-elementor-type=\"wp-page\" data-elementor-id=\"38\" class=\"elementor elementor-38\" data-elementor-post-type=\"page\">\n\t\t\t\t\t\t<section class=\"elementor-section elementor-top-section elementor-element elementor-element-f73cc47 elementor-section-boxed elementor-section-height-default elementor-section-height-default\" data-id=\"f73cc47\" data-element_type=\"section\" data-e-type=\"section\">\n\t\t\t\t\t\t<div class=\"elementor-container elementor-column-gap-default\">\n\t\t\t\t\t<div class=\"elementor-column elementor-col-100 elementor-top-column elementor-element elementor-element-f63e377\" data-id=\"f63e377\" data-element_type=\"column\" data-e-type=\"column\">\n\t\t\t<div class=\"elementor-widget-wrap elementor-element-populated\">\n\t\t\t\t\t\t<div class=\"elementor-element elementor-element-86b02b0 elementor-widget elementor-widget-text-editor\" data-id=\"86b02b0\" data-element_type=\"widget\" data-e-type=\"widget\" data-widget_type=\"text-editor.default\">\n\t\t\t\t<div class=\"elementor-widget-container\">\n\t\t\t\t\t\t\t\t\t<h2>NOTA LEGAL<\/h2><p><strong>De acuerdo con el art\u00edculo 10 de la Ley 34\/2002, de 11 de julio, de Servicios de la Sociedad de la Informaci\u00f3n y de Comercio Electr\u00f3nico ponemos a su disposici\u00f3n los siguientes datos:<\/strong><\/p><p>Sushi Gallery SL est\u00e1 domiciliada en la calle Avenida Montevideo 5, con CIF E95962213 . Inscrita en el Registro Mercantil de Bilbao, Vol. (n\u00famero correspondiente), Folio (n\u00famero correspondiente), Hoja (n\u00famero correspondiente), Inscripci\u00f3n\u00a0(n\u00famero correspondiente).<\/p><p>En la web www.sushi-gallery.com hay una serie de contenidos de car\u00e1cter informativo sobre nuestra cultura y \u00e9tica de empresa.<\/p><p><strong>Su principal objetivo<\/strong>\u00a0es facilitar a los clientes y al p\u00fablico en general, la informaci\u00f3n relativa a la empresa, a los productos y servicios que se ofrecen.<\/p>\t\t\t\t\t\t\t\t<\/div>\n\t\t\t\t<\/div>\n\t\t\t\t\t<\/div>\n\t\t<\/div>\n\t\t\t\t\t<\/div>\n\t\t<\/section>\n\t\t\t\t<\/div>","protected":false},"excerpt":{"rendered":"<p>NOTA LEGAL De acuerdo con el art\u00edculo 10 de la Ley 34\/2002, de 11 de julio, de Servicios de la Sociedad de la Informaci\u00f3n y de Comercio Electr\u00f3nico ponemos a su disposici\u00f3n los siguientes datos: Sushi Gallery SL est\u00e1 domiciliada en la calle Avenida Montevideo 5, con CIF E95962213 . Inscrita en el Registro Mercantil [&hellip;]<\/p>\n","protected":false},"author":1,"featured_media":0,"parent":0,"menu_order":0,"comment_status":"closed","ping_status":"closed","template":"","meta":{"footnotes":""},"class_list":["post-38","page","type-page","status-publish","hentry"],"yoast_head":"<!-- This site is optimized with the Yoast SEO plugin v27.3 - https:\/\/yoast.com\/product\/yoast-seo-wordpress\/ -->\n<title>Nota legal - Sushi Gallery<\/title>\n<meta name=\"robots\" content=\"index, follow, max-snippet:-1, max-image-preview:large, max-video-preview:-1\" \/>\n<link rel=\"canonical\" href=\"https:\/\/sushi-gallery.com\/eus\/nota-legal\/\" \/>\n<meta property=\"og:locale\" content=\"en_US\" \/>\n<meta property=\"og:type\" content=\"article\" \/>\n<meta property=\"og:title\" content=\"Nota legal - Sushi Gallery\" \/>\n<meta property=\"og:description\" content=\"NOTA LEGAL De acuerdo con el art\u00edculo 10 de la Ley 34\/2002, de 11 de julio, de Servicios de la Sociedad de la Informaci\u00f3n y de Comercio Electr\u00f3nico ponemos a su disposici\u00f3n los siguientes datos: Sushi Gallery SL est\u00e1 domiciliada en la calle Avenida Montevideo 5, con CIF E95962213 . Inscrita en el Registro Mercantil [&hellip;]\" \/>\n<meta property=\"og:url\" content=\"https:\/\/sushi-gallery.com\/eus\/nota-legal\/\" \/>\n<meta property=\"og:site_name\" content=\"Sushi Gallery\" \/>\n<meta property=\"article:publisher\" content=\"https:\/\/www.facebook.com\/people\/Iruko_sg\/100068018682841\/\" \/>\n<meta property=\"article:modified_time\" content=\"2024-01-16T11:51:08+00:00\" \/>\n<meta name=\"twitter:card\" content=\"summary_large_image\" \/>\n<meta name=\"twitter:label1\" content=\"Est. reading time\" \/>\n\t<meta name=\"twitter:data1\" content=\"1 minutua\" \/>\n<script type=\"application\/ld+json\" class=\"yoast-schema-graph\">{\"@context\":\"https:\\\/\\\/schema.org\",\"@graph\":[{\"@type\":\"WebPage\",\"@id\":\"https:\\\/\\\/sushi-gallery.com\\\/nota-legal\\\/\",\"url\":\"https:\\\/\\\/sushi-gallery.com\\\/nota-legal\\\/\",\"name\":\"Nota legal - Sushi Gallery\",\"isPartOf\":{\"@id\":\"https:\\\/\\\/sushi-gallery.com\\\/#website\"},\"datePublished\":\"2024-01-04T16:42:34+00:00\",\"dateModified\":\"2024-01-16T11:51:08+00:00\",\"breadcrumb\":{\"@id\":\"https:\\\/\\\/sushi-gallery.com\\\/nota-legal\\\/#breadcrumb\"},\"inLanguage\":\"eu\",\"potentialAction\":[{\"@type\":\"ReadAction\",\"target\":[\"https:\\\/\\\/sushi-gallery.com\\\/nota-legal\\\/\"]}]},{\"@type\":\"BreadcrumbList\",\"@id\":\"https:\\\/\\\/sushi-gallery.com\\\/nota-legal\\\/#breadcrumb\",\"itemListElement\":[{\"@type\":\"ListItem\",\"position\":1,\"name\":\"Portada\",\"item\":\"https:\\\/\\\/sushi-gallery.com\\\/\"},{\"@type\":\"ListItem\",\"position\":2,\"name\":\"Nota legal\"}]},{\"@type\":\"WebSite\",\"@id\":\"https:\\\/\\\/sushi-gallery.com\\\/#website\",\"url\":\"https:\\\/\\\/sushi-gallery.com\\\/\",\"name\":\"Sushi Gallery\",\"description\":\"&quot;Disfruta de la aut\u00e9ntica cocina japonesa en Sushi Gallery, tu restaurante japon\u00e9s de confianza. Ofrecemos sushi a domicilio y opciones de sushi vegano, preparados con ingredientes frescos y de alta calidad. \u00a1Haz tu pedido hoy y vive una experiencia gastron\u00f3mica \u00fanica!&quot;\",\"publisher\":{\"@id\":\"https:\\\/\\\/sushi-gallery.com\\\/#organization\"},\"potentialAction\":[{\"@type\":\"SearchAction\",\"target\":{\"@type\":\"EntryPoint\",\"urlTemplate\":\"https:\\\/\\\/sushi-gallery.com\\\/?s={search_term_string}\"},\"query-input\":{\"@type\":\"PropertyValueSpecification\",\"valueRequired\":true,\"valueName\":\"search_term_string\"}}],\"inLanguage\":\"eu\"},{\"@type\":\"Organization\",\"@id\":\"https:\\\/\\\/sushi-gallery.com\\\/#organization\",\"name\":\"Sushi Gallery\",\"url\":\"https:\\\/\\\/sushi-gallery.com\\\/\",\"logo\":{\"@type\":\"ImageObject\",\"inLanguage\":\"eu\",\"@id\":\"https:\\\/\\\/sushi-gallery.com\\\/#\\\/schema\\\/logo\\\/image\\\/\",\"url\":\"https:\\\/\\\/sushi-gallery.com\\\/wp-content\\\/uploads\\\/2024\\\/01\\\/cropped-LOGOS_SUSHIGALLERY-02.png\",\"contentUrl\":\"https:\\\/\\\/sushi-gallery.com\\\/wp-content\\\/uploads\\\/2024\\\/01\\\/cropped-LOGOS_SUSHIGALLERY-02.png\",\"width\":1578,\"height\":1578,\"caption\":\"Sushi Gallery\"},\"image\":{\"@id\":\"https:\\\/\\\/sushi-gallery.com\\\/#\\\/schema\\\/logo\\\/image\\\/\"},\"sameAs\":[\"https:\\\/\\\/www.facebook.com\\\/people\\\/Iruko_sg\\\/100068018682841\\\/\",\"https:\\\/\\\/www.instagram.com\\\/iruko_sg\\\/\"]}]}<\/script>\n<!-- \/ Yoast SEO plugin. -->","yoast_head_json":{"title":"Nota legal - Sushi Gallery","robots":{"index":"index","follow":"follow","max-snippet":"max-snippet:-1","max-image-preview":"max-image-preview:large","max-video-preview":"max-video-preview:-1"},"canonical":"https:\/\/sushi-gallery.com\/eus\/nota-legal\/","og_locale":"en_US","og_type":"article","og_title":"Nota legal - Sushi Gallery","og_description":"NOTA LEGAL De acuerdo con el art\u00edculo 10 de la Ley 34\/2002, de 11 de julio, de Servicios de la Sociedad de la Informaci\u00f3n y de Comercio Electr\u00f3nico ponemos a su disposici\u00f3n los siguientes datos: Sushi Gallery SL est\u00e1 domiciliada en la calle Avenida Montevideo 5, con CIF E95962213 . Inscrita en el Registro Mercantil [&hellip;]","og_url":"https:\/\/sushi-gallery.com\/eus\/nota-legal\/","og_site_name":"Sushi Gallery","article_publisher":"https:\/\/www.facebook.com\/people\/Iruko_sg\/100068018682841\/","article_modified_time":"2024-01-16T11:51:08+00:00","twitter_card":"summary_large_image","twitter_misc":{"Est. reading time":"1 minutua"},"schema":{"@context":"https:\/\/schema.org","@graph":[{"@type":"WebPage","@id":"https:\/\/sushi-gallery.com\/nota-legal\/","url":"https:\/\/sushi-gallery.com\/nota-legal\/","name":"Nota legal - Sushi Gallery","isPartOf":{"@id":"https:\/\/sushi-gallery.com\/#website"},"datePublished":"2024-01-04T16:42:34+00:00","dateModified":"2024-01-16T11:51:08+00:00","breadcrumb":{"@id":"https:\/\/sushi-gallery.com\/nota-legal\/#breadcrumb"},"inLanguage":"eu","potentialAction":[{"@type":"ReadAction","target":["https:\/\/sushi-gallery.com\/nota-legal\/"]}]},{"@type":"BreadcrumbList","@id":"https:\/\/sushi-gallery.com\/nota-legal\/#breadcrumb","itemListElement":[{"@type":"ListItem","position":1,"name":"Portada","item":"https:\/\/sushi-gallery.com\/"},{"@type":"ListItem","position":2,"name":"Nota legal"}]},{"@type":"WebSite","@id":"https:\/\/sushi-gallery.com\/#website","url":"https:\/\/sushi-gallery.com\/","name":"Sushi Gallery","description":"&quot;Disfruta de la aut\u00e9ntica cocina japonesa en Sushi Gallery, tu restaurante japon\u00e9s de confianza. Ofrecemos sushi a domicilio y opciones de sushi vegano, preparados con ingredientes frescos y de alta calidad. \u00a1Haz tu pedido hoy y vive una experiencia gastron\u00f3mica \u00fanica!&quot;","publisher":{"@id":"https:\/\/sushi-gallery.com\/#organization"},"potentialAction":[{"@type":"SearchAction","target":{"@type":"EntryPoint","urlTemplate":"https:\/\/sushi-gallery.com\/?s={search_term_string}"},"query-input":{"@type":"PropertyValueSpecification","valueRequired":true,"valueName":"search_term_string"}}],"inLanguage":"eu"},{"@type":"Organization","@id":"https:\/\/sushi-gallery.com\/#organization","name":"Sushi Gallery","url":"https:\/\/sushi-gallery.com\/","logo":{"@type":"ImageObject","inLanguage":"eu","@id":"https:\/\/sushi-gallery.com\/#\/schema\/logo\/image\/","url":"https:\/\/sushi-gallery.com\/wp-content\/uploads\/2024\/01\/cropped-LOGOS_SUSHIGALLERY-02.png","contentUrl":"https:\/\/sushi-gallery.com\/wp-content\/uploads\/2024\/01\/cropped-LOGOS_SUSHIGALLERY-02.png","width":1578,"height":1578,"caption":"Sushi Gallery"},"image":{"@id":"https:\/\/sushi-gallery.com\/#\/schema\/logo\/image\/"},"sameAs":["https:\/\/www.facebook.com\/people\/Iruko_sg\/100068018682841\/","https:\/\/www.instagram.com\/iruko_sg\/"]}]}},"_links":{"self":[{"href":"https:\/\/sushi-gallery.com\/eus\/wp-json\/wp\/v2\/pages\/38","targetHints":{"allow":["GET"]}}],"collection":[{"href":"https:\/\/sushi-gallery.com\/eus\/wp-json\/wp\/v2\/pages"}],"about":[{"href":"https:\/\/sushi-gallery.com\/eus\/wp-json\/wp\/v2\/types\/page"}],"author":[{"embeddable":true,"href":"https:\/\/sushi-gallery.com\/eus\/wp-json\/wp\/v2\/users\/1"}],"replies":[{"embeddable":true,"href":"https:\/\/sushi-gallery.com\/eus\/wp-json\/wp\/v2\/comments?post=38"}],"version-history":[{"count":10,"href":"https:\/\/sushi-gallery.com\/eus\/wp-json\/wp\/v2\/pages\/38\/revisions"}],"predecessor-version":[{"id":1236,"href":"https:\/\/sushi-gallery.com\/eus\/wp-json\/wp\/v2\/pages\/38\/revisions\/1236"}],"wp:attachment":[{"href":"https:\/\/sushi-gallery.com\/eus\/wp-json\/wp\/v2\/media?parent=38"}],"curies":[{"name":"wp","href":"https:\/\/api.w.org\/{rel}","templated":true}]}}