{"id":36,"date":"2024-01-04T16:41:58","date_gmt":"2024-01-04T16:41:58","guid":{"rendered":"https:\/\/web4.rkinformatika.net\/sushi-gallery\/?page_id=36"},"modified":"2024-07-04T14:12:00","modified_gmt":"2024-07-04T14:12:00","slug":"cursos","status":"publish","type":"page","link":"https:\/\/sushi-gallery.com\/eus\/cursos\/","title":{"rendered":"Ikastaroak"},"content":{"rendered":"\t\t<div data-elementor-type=\"wp-page\" data-elementor-id=\"36\" class=\"elementor elementor-36\" data-elementor-post-type=\"page\">\n\t\t\t\t<div class=\"elementor-element elementor-element-b15ed03 e-con-full elementor-hidden-mobile e-flex e-con e-parent\" data-id=\"b15ed03\" data-element_type=\"container\" data-e-type=\"container\" data-settings=\"{&quot;background_background&quot;:&quot;classic&quot;}\">\n\t\t\t\t<div class=\"elementor-element elementor-element-c1fc731 elementor-widget elementor-widget-heading\" data-id=\"c1fc731\" data-element_type=\"widget\" data-e-type=\"widget\" data-widget_type=\"heading.default\">\n\t\t\t\t<div class=\"elementor-widget-container\">\n\t\t\t\t\t<h2 class=\"elementor-heading-title elementor-size-default\">REGALA SG<\/h2>\t\t\t\t<\/div>\n\t\t\t\t<\/div>\n\t\t\t\t<div class=\"elementor-element elementor-element-fd103f1 elementor-align-center elementor-widget elementor-widget-button\" data-id=\"fd103f1\" data-element_type=\"widget\" data-e-type=\"widget\" data-widget_type=\"button.default\">\n\t\t\t\t<div class=\"elementor-widget-container\">\n\t\t\t\t\t\t\t\t\t<div class=\"elementor-button-wrapper\">\n\t\t\t\t\t<a class=\"elementor-button elementor-button-link elementor-size-sm\" href=\"https:\/\/sushi-gallery.com\/regala-sg\/\" target=\"_blank\">\n\t\t\t\t\t\t<span class=\"elementor-button-content-wrapper\">\n\t\t\t\t\t\t\t\t\t<span class=\"elementor-button-text\">Haz clic aqu\u00ed<\/span>\n\t\t\t\t\t<\/span>\n\t\t\t\t\t<\/a>\n\t\t\t\t<\/div>\n\t\t\t\t\t\t\t\t<\/div>\n\t\t\t\t<\/div>\n\t\t\t\t<\/div>\n\t\t<div class=\"elementor-element elementor-element-a0b8a0a e-con-full elementor-hidden-desktop elementor-hidden-tablet e-flex e-con e-parent\" data-id=\"a0b8a0a\" data-element_type=\"container\" data-e-type=\"container\" data-settings=\"{&quot;background_background&quot;:&quot;classic&quot;}\">\n\t\t\t\t<div class=\"elementor-element elementor-element-a7fd0f9 elementor-hidden-desktop elementor-hidden-tablet elementor-hidden-mobile elementor-widget elementor-widget-heading\" data-id=\"a7fd0f9\" data-element_type=\"widget\" data-e-type=\"widget\" data-widget_type=\"heading.default\">\n\t\t\t\t<div class=\"elementor-widget-container\">\n\t\t\t\t\t<h2 class=\"elementor-heading-title elementor-size-default\">RESERVAR UNA MESA<\/h2>\t\t\t\t<\/div>\n\t\t\t\t<\/div>\n\t\t\t\t<div class=\"elementor-element elementor-element-613e90c elementor-align-center elementor-hidden-desktop elementor-hidden-tablet elementor-hidden-mobile elementor-widget elementor-widget-button\" data-id=\"613e90c\" data-element_type=\"widget\" data-e-type=\"widget\" data-widget_type=\"button.default\">\n\t\t\t\t<div class=\"elementor-widget-container\">\n\t\t\t\t\t\t\t\t\t<div class=\"elementor-button-wrapper\">\n\t\t\t\t\t<a class=\"elementor-button elementor-button-link elementor-size-sm\" href=\"https:\/\/www.covermanager.com\/reservation\/module_restaurant\/restaurante-sheiko-bysushigallery\/spanish?source=INSTAGRAM\" target=\"_blank\">\n\t\t\t\t\t\t<span class=\"elementor-button-content-wrapper\">\n\t\t\t\t\t\t\t\t\t<span class=\"elementor-button-text\">Haz clic aqu\u00ed<\/span>\n\t\t\t\t\t<\/span>\n\t\t\t\t\t<\/a>\n\t\t\t\t<\/div>\n\t\t\t\t\t\t\t\t<\/div>\n\t\t\t\t<\/div>\n\t\t\t\t<\/div>\n\t\t<div class=\"elementor-element elementor-element-be8c2e2 e-flex e-con-boxed e-con e-parent\" data-id=\"be8c2e2\" data-element_type=\"container\" data-e-type=\"container\">\n\t\t\t\t\t<div class=\"e-con-inner\">\n\t\t\t\t<div class=\"elementor-element elementor-element-cbdba36 elementor-widget elementor-widget-heading\" data-id=\"cbdba36\" data-element_type=\"widget\" data-e-type=\"widget\" data-widget_type=\"heading.default\">\n\t\t\t\t<div class=\"elementor-widget-container\">\n\t\t\t\t\t<h2 class=\"elementor-heading-title elementor-size-default\">\u00a1DIVI\u00c9RTETE!\n<\/h2>\t\t\t\t<\/div>\n\t\t\t\t<\/div>\n\t\t\t\t\t<\/div>\n\t\t\t\t<\/div>\n\t\t<div class=\"elementor-element elementor-element-db599ee e-flex e-con-boxed e-con e-parent\" data-id=\"db599ee\" data-element_type=\"container\" data-e-type=\"container\">\n\t\t\t\t\t<div class=\"e-con-inner\">\n\t\t<div class=\"elementor-element elementor-element-d8f5de7 e-con-full e-flex e-con e-child\" data-id=\"d8f5de7\" data-element_type=\"container\" data-e-type=\"container\">\n\t\t\t\t<div class=\"elementor-element elementor-element-cda07f9 elementor-widget elementor-widget-text-editor\" data-id=\"cda07f9\" data-element_type=\"widget\" data-e-type=\"widget\" data-widget_type=\"text-editor.default\">\n\t\t\t\t<div class=\"elementor-widget-container\">\n\t\t\t\t\t\t\t\t\t<p>Una oportunidad guay de conocer gente diferente. \u00a1Un ambiente divertido, creativo y positivo, este lugar inspira!!<\/p><p>Aprenderemos&#8230; Desde la precisi\u00f3n del arroz hasta el corte de pescado y montaje final\u2026 \u00a1Buscamos que sea din\u00e1mico y movido, el objetivo est\u00e1 claro que pasemos un buen rato!<\/p><p>Tendr\u00e9is opci\u00f3n a bebidas y picoteo de sushi, tambi\u00e9n llevar\u00e9is a casa una buena bandejita para family y amigos.<\/p>\t\t\t\t\t\t\t\t<\/div>\n\t\t\t\t<\/div>\n\t\t\t\t<\/div>\n\t\t\t\t\t<\/div>\n\t\t\t\t<\/div>\n\t\t<div class=\"elementor-element elementor-element-5ac2862 e-flex e-con-boxed e-con e-parent\" data-id=\"5ac2862\" data-element_type=\"container\" data-e-type=\"container\">\n\t\t\t\t\t<div class=\"e-con-inner\">\n\t\t\t\t<div class=\"elementor-element elementor-element-c2ec527 elementor-widget elementor-widget-text-editor\" data-id=\"c2ec527\" data-element_type=\"widget\" data-e-type=\"widget\" data-widget_type=\"text-editor.default\">\n\t\t\t\t<div class=\"elementor-widget-container\">\n\t\t\t\t\t\t\t\t\t<p><div class=\"mf-form-shortcode\">\r\n\t\t<div\r\n\t\t\tid=\"metform-wrap-449-449\"\r\n\t\t\tclass=\"mf-form-wrapper\"\r\n\t\t\tdata-form-id=\"449\"\r\n\t\t\tdata-action=\"https:\/\/sushi-gallery.com\/eus\/wp-json\/metform\/v1\/entries\/insert\/449\"\r\n\t\t\tdata-wp-nonce=\"c53fee93ad\"\r\n\t\t\tdata-form-nonce=\"0497044fd3\"\r\n\t\t\tdata-quiz-summery = \"false\"\r\n\t\t\tdata-save-progress = \"false\"\r\n\t\t\tdata-form-type=\"general-form\"\r\n\t\t\tdata-stop-vertical-effect=\"\"\r\n\t\t\t><\/div>\r\n\r\n\r\n\t\t<!----------------------------- \r\n\t\t\t* controls_data : find the the props passed indie of data attribute\r\n\t\t\t* props.SubmitResponseMarkup : contains the markup of error or success message\r\n\t\t\t* https:\/\/developer.mozilla.org\/en-US\/docs\/Web\/JavaScript\/Reference\/Template_literals\r\n\t\t--------------------------- -->\r\n\r\n\t\t\t\t<script type=\"text\/mf\" class=\"mf-template\">\r\n\t\t\tfunction controls_data (value){\r\n\t\t\t\tlet currentWrapper = \"mf-response-props-id-449\";\r\n\t\t\t\tlet currentEl = document.getElementById(currentWrapper);\r\n\t\t\t\t\r\n\t\t\t\treturn currentEl ? currentEl.dataset[value] : false\r\n\t\t\t}\r\n\r\n\r\n\t\t\tlet is_edit_mode = '' ? true : false;\r\n\t\t\tlet message_position = controls_data('messageposition') || 'top';\r\n\r\n\t\t\t\r\n\t\t\tlet message_successIcon = controls_data('successicon') || '';\r\n\t\t\tlet message_errorIcon = controls_data('erroricon') || '';\r\n\t\t\tlet message_editSwitch = controls_data('editswitchopen') === 'yes' ? true : false;\r\n\t\t\tlet message_proClass = controls_data('editswitchopen') === 'yes' ? 'mf_pro_activated' : '';\r\n\t\t\t\r\n\t\t\tlet is_dummy_markup = is_edit_mode && message_editSwitch ? true : false;\r\n\r\n\t\t\t\r\n\t\t\treturn html`\r\n\t\t\t\t<form\r\n\t\t\t\t\tclassName=\"metform-form-content\"\r\n\t\t\t\t\tref=${parent.formContainerRef}\r\n\t\t\t\t\tonSubmit=${ validation.handleSubmit( parent.handleFormSubmit ) }\r\n\t\t\t\t\r\n\t\t\t\t\t>\r\n\t\t\t\r\n\t\t\t\r\n\t\t\t\t\t${is_dummy_markup ? message_position === 'top' ?  props.ResponseDummyMarkup(message_successIcon, message_proClass) : '' : ''}\r\n\t\t\t\t\t${is_dummy_markup ? ' ' :  message_position === 'top' ? props.SubmitResponseMarkup`${parent}${state}${message_successIcon}${message_errorIcon}${message_proClass}` : ''}\r\n\r\n\t\t\t\t\t<!--------------------------------------------------------\r\n\t\t\t\t\t*** IMPORTANT \/ DANGEROUS ***\r\n\t\t\t\t\t${html``} must be used as in immediate child of \"metform-form-main-wrapper\"\r\n\t\t\t\t\tclass otherwise multistep form will not run at all\r\n\t\t\t\t\t---------------------------------------------------------->\r\n\r\n\t\t\t\t\t<div className=\"metform-form-main-wrapper\" key=${'hide-form-after-submit'} ref=${parent.formRef}>\r\n\t\t\t\t\t${html`\r\n\t\t\t\t\t\t\t\t<div data-elementor-type=\"wp-post\" key=\"2\" data-elementor-id=\"449\" className=\"elementor elementor-449\" data-elementor-post-type=\"metform-form\">\n\t\t\t\t<div className=\"elementor-element elementor-element-eabad92 e-flex e-con-boxed e-con e-parent\" data-id=\"eabad92\" data-element_type=\"container\" data-e-type=\"container\">\n\t\t\t\t\t<div className=\"e-con-inner\">\n\t\t\t\t<div className=\"elementor-element elementor-element-33b67ac elementor-widget elementor-widget-heading\" data-id=\"33b67ac\" data-element_type=\"widget\" data-e-type=\"widget\" data-widget_type=\"heading.default\">\n\t\t\t\t<div className=\"elementor-widget-container\">\n\t\t\t\t\t<h2 className=\"elementor-heading-title elementor-size-default\">\u00a1AP\u00daNTATE!\n<\/h2>\t\t\t\t<\/div>\n\t\t\t\t<\/div>\n\t\t\t\t<div className=\"elementor-element elementor-element-d085acd elementor-widget elementor-widget-text-editor\" data-id=\"d085acd\" data-element_type=\"widget\" data-e-type=\"widget\" data-widget_type=\"text-editor.default\">\n\t\t\t\t<div className=\"elementor-widget-container\">\n\t\t\t\t\t\t\t\t\t<p>Si est\u00e1s interesado en los cursos d\u00e9janos tu email y te avisaremos en cuanto vayamos a impartir uno.<\/p><form action=\"https:\/\/sushi-gallery.com\/\" method=\"POST\" name=\"cursos\"><\/form>\t\t\t\t\t\t\t\t<\/div>\n\t\t\t\t<\/div>\n\t\t\t\t\t<\/div>\n\t\t\t\t<\/div>\n\t\t<div className=\"elementor-element elementor-element-575062d e-flex e-con-boxed e-con e-parent\" data-id=\"575062d\" data-element_type=\"container\" data-e-type=\"container\">\n\t\t\t\t\t<div className=\"e-con-inner\">\n\t\t\t\t<div className=\"elementor-element elementor-element-fb0a8c5 elementor-widget elementor-widget-mf-email\" data-id=\"fb0a8c5\" data-element_type=\"widget\" data-e-type=\"widget\" data-settings=\"{&quot;mf_input_name&quot;:&quot;mf-email&quot;}\" data-widget_type=\"mf-email.default\">\n\t\t\t\t<div className=\"elementor-widget-container\">\n\t\t\t\t\t\r\n\t\t<div className=\"mf-input-wrapper\">\r\n\t\t\t\r\n\t\t\t<input \r\n\t\t\t\ttype=\"email\" \r\n\t\t\t\t \r\n\t\t\t\tdefaultValue=\"\" \r\n\t\t\t\tclassName=\"mf-input \" \r\n\t\t\t\tid=\"mf-input-email-fb0a8c5\" \r\n\t\t\t\tname=\"mf-email\" \r\n\t\t\t\tplaceholder=\"${ parent.decodeEntities(`Email`) } \" \r\n\t\t\t\t \r\n\t\t\t\tonBlur=${parent.handleChange} onFocus=${parent.handleChange} aria-invalid=${validation.errors['mf-email'] ? 'true' : 'false' } \r\n\t\t\t\tref=${el=> parent.activateValidation({\"message\":\"This field is required.\",\"emailMessage\":\"Please enter a valid Email address\",\"minLength\":1,\"maxLength\":\"\",\"type\":\"none\",\"required\":false,\"expression\":\"null\"}, el)}\r\n\t\t\t\t\t\t\t\/>\r\n\r\n\t\t\t\t\t\t<${validation.ErrorMessage} \r\n\t\t\t\terrors=${validation.errors} \r\n\t\t\t\tname=\"mf-email\" \r\n\t\t\t\tas=${html`<span className=\"mf-error-message\"><\/span>`}\r\n\t\t\t\/>\r\n\t\t\t\r\n\t\t\t\t\t<\/div>\r\n\r\n\t\t\t\t<\/div>\n\t\t\t\t<\/div>\n\t\t\t\t<div className=\"elementor-element elementor-element-201b4ed mf-btn--center elementor-widget elementor-widget-mf-button\" data-id=\"201b4ed\" data-element_type=\"widget\" data-e-type=\"widget\" data-widget_type=\"mf-button.default\">\n\t\t\t\t<div className=\"elementor-widget-container\">\n\t\t\t\t\t\t\t<div className=\"mf-btn-wraper \" data-mf-form-conditional-logic-requirement=\"\">\r\n\t\t\t\t\t\t\t<button type=\"submit\" className=\"metform-btn metform-submit-btn \" id=\"\">\r\n\t\t\t\t\t<span>${ parent.decodeEntities(`Suscribirse`) } <\/span>\r\n\t\t\t\t<\/button>\r\n\t\t\t        <\/div>\r\n        \t\t\t\t<\/div>\n\t\t\t\t<\/div>\n\t\t\t\t\t<\/div>\n\t\t\t\t<\/div>\n\t\t\t\t<\/div>\n\t\t\t\t\t\t\t`}\r\n\t\t\t\t\t<\/div>\r\n\r\n\t\t\t\t\t${is_dummy_markup ? message_position === 'bottom' ? props.ResponseDummyMarkup(message_successIcon, message_proClass) : '' : ''}\r\n\t\t\t\t\t${is_dummy_markup ? ' ' : message_position === 'bottom' ? props.SubmitResponseMarkup`${parent}${state}${message_successIcon}${message_errorIcon}${message_proClass}` : ''}\r\n\t\t\t\t\r\n\t\t\t\t<\/form>\r\n\t\t\t`\r\n\t\t<\/script>\r\n\r\n\t\t<\/div><\/p>\t\t\t\t\t\t\t\t<\/div>\n\t\t\t\t<\/div>\n\t\t\t\t\t<\/div>\n\t\t\t\t<\/div>\n\t\t<div class=\"elementor-element elementor-element-5d261ed e-flex e-con-boxed e-con e-parent\" data-id=\"5d261ed\" data-element_type=\"container\" data-e-type=\"container\">\n\t\t\t\t\t<div class=\"e-con-inner\">\n\t\t<div class=\"elementor-element elementor-element-5c97e63 e-con-full e-flex e-con e-child\" data-id=\"5c97e63\" data-element_type=\"container\" data-e-type=\"container\">\n\t\t\t\t<div class=\"elementor-element elementor-element-090381a elementor-widget elementor-widget-text-editor\" data-id=\"090381a\" data-element_type=\"widget\" data-e-type=\"widget\" data-widget_type=\"text-editor.default\">\n\t\t\t\t<div class=\"elementor-widget-container\">\n\t\t\t\t\t\t\t\t\t<h5>Durangoko altxorra! Janariaz gain, esperientzia ezin hobeaz gozatzeko lekua. Beraien gastronomiarekiko pasioa plater guztietan disfrutatu eta dastatzen da. \u00a1100% gomendagarri!<\/h5><p><em>Naiara Zabarte<\/em><\/p><h5>Muy buen curso, ense\u00f1aba bien y te ayudaba si necesitabas o preguntabas. Atento en todo momento. Volver\u00eda sin dudarlo. \u00a1Gracias!!\u00a0<\/h5><p><em>Eneko Aldazabal<\/em><\/p><h5>Esperientzi oso polita. Antolakuntza aldetik lan ederra egin zuten. Etxean berriz egiteko jarrainkuntzak eman zizkiguten, Laburtuz, bai antolakuntza, lan taldea eta emaitzak oso onak iruditu zaizkit.\u00a0<\/h5><p><em>Maite Nieto<\/em><\/p><h5>Un excelente curso en un ambiente muy agradable y relajado para principiantes con explicaciones muy detallas y f\u00e1cil de seguir<\/h5><p><em>Jone Izurza<\/em><\/p><h5>\u00a1Algo \u00fanico! Estuvimos aprendiendo a hacer gyozas y\u00a0 pan bao. El personal muy amable. En resumen. Una experiencia para repetir una y otra vez. \u00a1De 10!<\/h5><p><em>Iulian Andrei<\/em><\/p><h5>Yo particip\u00e9 en el curso de sushi y cocina Peruana. Un ambiente y una din\u00e1mica genial. \u00a1Repetir\u00e9 en el siguiente que realicen seguro! \ud83d\ude42<\/h5><p><em>Beatriz Gonzalo<\/em><\/p>\t\t\t\t\t\t\t\t<\/div>\n\t\t\t\t<\/div>\n\t\t\t\t<\/div>\n\t\t\t\t\t<\/div>\n\t\t\t\t<\/div>\n\t\t\t\t<\/div>\n\t\t","protected":false},"excerpt":{"rendered":"<p>REGALA SG Haz clic aqu\u00ed RESERVAR UNA MESA Haz clic aqu\u00ed \u00a1DIVI\u00c9RTETE! Una oportunidad guay de conocer gente diferente. \u00a1Un ambiente divertido, creativo y positivo, este lugar inspira!! Aprenderemos&#8230; Desde la precisi\u00f3n del arroz hasta el corte de pescado y montaje final\u2026 \u00a1Buscamos que sea din\u00e1mico y movido, el objetivo est\u00e1 claro que pasemos un [&hellip;]<\/p>\n","protected":false},"author":1,"featured_media":0,"parent":0,"menu_order":0,"comment_status":"closed","ping_status":"closed","template":"","meta":{"footnotes":""},"class_list":["post-36","page","type-page","status-publish","hentry"],"yoast_head":"<!-- This site is optimized with the Yoast SEO plugin v27.3 - https:\/\/yoast.com\/product\/yoast-seo-wordpress\/ -->\n<title>Cursos - Sushi Gallery<\/title>\n<meta name=\"robots\" content=\"index, follow, max-snippet:-1, max-image-preview:large, max-video-preview:-1\" \/>\n<link rel=\"canonical\" href=\"https:\/\/sushi-gallery.com\/eus\/cursos\/\" \/>\n<meta property=\"og:locale\" content=\"en_US\" \/>\n<meta property=\"og:type\" content=\"article\" \/>\n<meta property=\"og:title\" content=\"Cursos - Sushi Gallery\" \/>\n<meta property=\"og:description\" content=\"REGALA SG Haz clic aqu\u00ed RESERVAR UNA MESA Haz clic aqu\u00ed \u00a1DIVI\u00c9RTETE! Una oportunidad guay de conocer gente diferente. \u00a1Un ambiente divertido, creativo y positivo, este lugar inspira!! Aprenderemos&#8230; Desde la precisi\u00f3n del arroz hasta el corte de pescado y montaje final\u2026 \u00a1Buscamos que sea din\u00e1mico y movido, el objetivo est\u00e1 claro que pasemos un [&hellip;]\" \/>\n<meta property=\"og:url\" content=\"https:\/\/sushi-gallery.com\/eus\/cursos\/\" \/>\n<meta property=\"og:site_name\" content=\"Sushi Gallery\" \/>\n<meta property=\"article:publisher\" content=\"https:\/\/www.facebook.com\/people\/Iruko_sg\/100068018682841\/\" \/>\n<meta property=\"article:modified_time\" content=\"2024-07-04T14:12:00+00:00\" \/>\n<meta name=\"twitter:card\" content=\"summary_large_image\" \/>\n<meta name=\"twitter:label1\" content=\"Est. reading time\" \/>\n\t<meta name=\"twitter:data1\" content=\"2 minutua\" \/>\n<script type=\"application\/ld+json\" class=\"yoast-schema-graph\">{\"@context\":\"https:\\\/\\\/schema.org\",\"@graph\":[{\"@type\":\"WebPage\",\"@id\":\"https:\\\/\\\/sushi-gallery.com\\\/cursos\\\/\",\"url\":\"https:\\\/\\\/sushi-gallery.com\\\/cursos\\\/\",\"name\":\"Cursos - Sushi Gallery\",\"isPartOf\":{\"@id\":\"https:\\\/\\\/sushi-gallery.com\\\/#website\"},\"datePublished\":\"2024-01-04T16:41:58+00:00\",\"dateModified\":\"2024-07-04T14:12:00+00:00\",\"breadcrumb\":{\"@id\":\"https:\\\/\\\/sushi-gallery.com\\\/cursos\\\/#breadcrumb\"},\"inLanguage\":\"eu\",\"potentialAction\":[{\"@type\":\"ReadAction\",\"target\":[\"https:\\\/\\\/sushi-gallery.com\\\/cursos\\\/\"]}]},{\"@type\":\"BreadcrumbList\",\"@id\":\"https:\\\/\\\/sushi-gallery.com\\\/cursos\\\/#breadcrumb\",\"itemListElement\":[{\"@type\":\"ListItem\",\"position\":1,\"name\":\"Portada\",\"item\":\"https:\\\/\\\/sushi-gallery.com\\\/\"},{\"@type\":\"ListItem\",\"position\":2,\"name\":\"Cursos\"}]},{\"@type\":\"WebSite\",\"@id\":\"https:\\\/\\\/sushi-gallery.com\\\/#website\",\"url\":\"https:\\\/\\\/sushi-gallery.com\\\/\",\"name\":\"Sushi Gallery\",\"description\":\"&quot;Disfruta de la aut\u00e9ntica cocina japonesa en Sushi Gallery, tu restaurante japon\u00e9s de confianza. Ofrecemos sushi a domicilio y opciones de sushi vegano, preparados con ingredientes frescos y de alta calidad. \u00a1Haz tu pedido hoy y vive una experiencia gastron\u00f3mica \u00fanica!&quot;\",\"publisher\":{\"@id\":\"https:\\\/\\\/sushi-gallery.com\\\/#organization\"},\"potentialAction\":[{\"@type\":\"SearchAction\",\"target\":{\"@type\":\"EntryPoint\",\"urlTemplate\":\"https:\\\/\\\/sushi-gallery.com\\\/?s={search_term_string}\"},\"query-input\":{\"@type\":\"PropertyValueSpecification\",\"valueRequired\":true,\"valueName\":\"search_term_string\"}}],\"inLanguage\":\"eu\"},{\"@type\":\"Organization\",\"@id\":\"https:\\\/\\\/sushi-gallery.com\\\/#organization\",\"name\":\"Sushi Gallery\",\"url\":\"https:\\\/\\\/sushi-gallery.com\\\/\",\"logo\":{\"@type\":\"ImageObject\",\"inLanguage\":\"eu\",\"@id\":\"https:\\\/\\\/sushi-gallery.com\\\/#\\\/schema\\\/logo\\\/image\\\/\",\"url\":\"https:\\\/\\\/sushi-gallery.com\\\/wp-content\\\/uploads\\\/2024\\\/01\\\/cropped-LOGOS_SUSHIGALLERY-02.png\",\"contentUrl\":\"https:\\\/\\\/sushi-gallery.com\\\/wp-content\\\/uploads\\\/2024\\\/01\\\/cropped-LOGOS_SUSHIGALLERY-02.png\",\"width\":1578,\"height\":1578,\"caption\":\"Sushi Gallery\"},\"image\":{\"@id\":\"https:\\\/\\\/sushi-gallery.com\\\/#\\\/schema\\\/logo\\\/image\\\/\"},\"sameAs\":[\"https:\\\/\\\/www.facebook.com\\\/people\\\/Iruko_sg\\\/100068018682841\\\/\",\"https:\\\/\\\/www.instagram.com\\\/iruko_sg\\\/\"]}]}<\/script>\n<!-- \/ Yoast SEO plugin. -->","yoast_head_json":{"title":"Cursos - Sushi Gallery","robots":{"index":"index","follow":"follow","max-snippet":"max-snippet:-1","max-image-preview":"max-image-preview:large","max-video-preview":"max-video-preview:-1"},"canonical":"https:\/\/sushi-gallery.com\/eus\/cursos\/","og_locale":"en_US","og_type":"article","og_title":"Cursos - Sushi Gallery","og_description":"REGALA SG Haz clic aqu\u00ed RESERVAR UNA MESA Haz clic aqu\u00ed \u00a1DIVI\u00c9RTETE! Una oportunidad guay de conocer gente diferente. \u00a1Un ambiente divertido, creativo y positivo, este lugar inspira!! Aprenderemos&#8230; Desde la precisi\u00f3n del arroz hasta el corte de pescado y montaje final\u2026 \u00a1Buscamos que sea din\u00e1mico y movido, el objetivo est\u00e1 claro que pasemos un [&hellip;]","og_url":"https:\/\/sushi-gallery.com\/eus\/cursos\/","og_site_name":"Sushi Gallery","article_publisher":"https:\/\/www.facebook.com\/people\/Iruko_sg\/100068018682841\/","article_modified_time":"2024-07-04T14:12:00+00:00","twitter_card":"summary_large_image","twitter_misc":{"Est. reading time":"2 minutua"},"schema":{"@context":"https:\/\/schema.org","@graph":[{"@type":"WebPage","@id":"https:\/\/sushi-gallery.com\/cursos\/","url":"https:\/\/sushi-gallery.com\/cursos\/","name":"Cursos - Sushi Gallery","isPartOf":{"@id":"https:\/\/sushi-gallery.com\/#website"},"datePublished":"2024-01-04T16:41:58+00:00","dateModified":"2024-07-04T14:12:00+00:00","breadcrumb":{"@id":"https:\/\/sushi-gallery.com\/cursos\/#breadcrumb"},"inLanguage":"eu","potentialAction":[{"@type":"ReadAction","target":["https:\/\/sushi-gallery.com\/cursos\/"]}]},{"@type":"BreadcrumbList","@id":"https:\/\/sushi-gallery.com\/cursos\/#breadcrumb","itemListElement":[{"@type":"ListItem","position":1,"name":"Portada","item":"https:\/\/sushi-gallery.com\/"},{"@type":"ListItem","position":2,"name":"Cursos"}]},{"@type":"WebSite","@id":"https:\/\/sushi-gallery.com\/#website","url":"https:\/\/sushi-gallery.com\/","name":"Sushi Gallery","description":"&quot;Disfruta de la aut\u00e9ntica cocina japonesa en Sushi Gallery, tu restaurante japon\u00e9s de confianza. Ofrecemos sushi a domicilio y opciones de sushi vegano, preparados con ingredientes frescos y de alta calidad. \u00a1Haz tu pedido hoy y vive una experiencia gastron\u00f3mica \u00fanica!&quot;","publisher":{"@id":"https:\/\/sushi-gallery.com\/#organization"},"potentialAction":[{"@type":"SearchAction","target":{"@type":"EntryPoint","urlTemplate":"https:\/\/sushi-gallery.com\/?s={search_term_string}"},"query-input":{"@type":"PropertyValueSpecification","valueRequired":true,"valueName":"search_term_string"}}],"inLanguage":"eu"},{"@type":"Organization","@id":"https:\/\/sushi-gallery.com\/#organization","name":"Sushi Gallery","url":"https:\/\/sushi-gallery.com\/","logo":{"@type":"ImageObject","inLanguage":"eu","@id":"https:\/\/sushi-gallery.com\/#\/schema\/logo\/image\/","url":"https:\/\/sushi-gallery.com\/wp-content\/uploads\/2024\/01\/cropped-LOGOS_SUSHIGALLERY-02.png","contentUrl":"https:\/\/sushi-gallery.com\/wp-content\/uploads\/2024\/01\/cropped-LOGOS_SUSHIGALLERY-02.png","width":1578,"height":1578,"caption":"Sushi Gallery"},"image":{"@id":"https:\/\/sushi-gallery.com\/#\/schema\/logo\/image\/"},"sameAs":["https:\/\/www.facebook.com\/people\/Iruko_sg\/100068018682841\/","https:\/\/www.instagram.com\/iruko_sg\/"]}]}},"_links":{"self":[{"href":"https:\/\/sushi-gallery.com\/eus\/wp-json\/wp\/v2\/pages\/36","targetHints":{"allow":["GET"]}}],"collection":[{"href":"https:\/\/sushi-gallery.com\/eus\/wp-json\/wp\/v2\/pages"}],"about":[{"href":"https:\/\/sushi-gallery.com\/eus\/wp-json\/wp\/v2\/types\/page"}],"author":[{"embeddable":true,"href":"https:\/\/sushi-gallery.com\/eus\/wp-json\/wp\/v2\/users\/1"}],"replies":[{"embeddable":true,"href":"https:\/\/sushi-gallery.com\/eus\/wp-json\/wp\/v2\/comments?post=36"}],"version-history":[{"count":61,"href":"https:\/\/sushi-gallery.com\/eus\/wp-json\/wp\/v2\/pages\/36\/revisions"}],"predecessor-version":[{"id":1954,"href":"https:\/\/sushi-gallery.com\/eus\/wp-json\/wp\/v2\/pages\/36\/revisions\/1954"}],"wp:attachment":[{"href":"https:\/\/sushi-gallery.com\/eus\/wp-json\/wp\/v2\/media?parent=36"}],"curies":[{"name":"wp","href":"https:\/\/api.w.org\/{rel}","templated":true}]}}